{"id":8,"date":"2020-03-30T16:38:24","date_gmt":"2020-03-30T16:38:24","guid":{"rendered":"http:\/\/wp.sonnenschein-fuer-kinder.com\/?page_id=8"},"modified":"2020-03-30T18:09:10","modified_gmt":"2020-03-30T18:09:10","slug":"alexandre","status":"publish","type":"page","link":"https:\/\/sonnenschein-fuer-kinder.com\/?page_id=8","title":{"rendered":"Alexandre"},"content":{"rendered":"\n<p><strong>Alexandre Bagaturia<\/strong>&nbsp;ist 4 Jahre alt und leidet an den Komplikationen einer schweren Hirnhautentz\u00fcndung.<\/p>\n\n\n\n<figure class=\"wp-block-image size-large is-resized\"><img loading=\"lazy\" src=\"http:\/\/wp.sonnenschein-fuer-kinder.com\/wp-content\/uploads\/2020\/03\/Alex1.jpg\" alt=\"\" class=\"wp-image-84\" width=\"289\" height=\"385\" srcset=\"https:\/\/sonnenschein-fuer-kinder.com\/wp-content\/uploads\/2020\/03\/Alex1.jpg 720w, https:\/\/sonnenschein-fuer-kinder.com\/wp-content\/uploads\/2020\/03\/Alex1-225x300.jpg 225w\" sizes=\"(max-width: 289px) 100vw, 289px\" \/><\/figure>\n\n\n\n<p>Alexandre wurde Ende M\u00e4rz 2018 von seiner Mutter mit diffusen Symptomen und starken Kopfschmerzen ins Krankenhaus nach Tiflis gebracht.<\/p>\n\n\n\n<p>Dort verschlechterte sich sein Zustand schnell und er fiel Anfang April 2018 ins Koma. Es wurde eine schwere Hirnhautentz\u00fcndung diagnostiziert. Am 28. Mai 2018 erwachte Alexandre Gott sei Dank wieder aus dem Koma, liegt seitdem jedoch noch im Krankenhaus. Ob er Langzeitsch\u00e4den davongetragen hat ist zum derzeitigen Zeitpunkt noch nicht abzusehen.<\/p>\n\n\n\n<p>Alexandres Mutter ist alleinerziehend und sehr arm. Alexandres Vater verlie\u00df die Familie als er von der Schwangerschaft seiner Partnerin erfuhr. Die Familie verf\u00fcgt leider \u00fcber keine Krankenversicherung.<\/p>\n\n\n\n<p>Derzeit is Allexander stabil und sein behandelnder Arzt sagt er darf nach Hause, wenn er sich Zuhause gesund und vollwertig ern\u00e4hrt und noch weitere 6 Monate die verordneten \u2013 leider sehr teuren \u2013 Medikamente einnimmt.<\/p>\n\n\n\n<p>In Georgien werden Patienten so lange nicht aus dem Krankenhaus nach hause entlassen, bis deren Familie alle nch offenen Rechnungen bezahlt hat. Im Fall Alexandre ist derzeit noch ein Betrag von 2000 Georgische Lari offen, das entspricht nach derzeitigem Wechselkurs etwa 700 \u20ac.<\/p>\n\n\n\n<h3><\/h3>\n\n\n\n<p><strong>A<\/strong><strong>lexandre ben\u00f6tigt dringend finanzielle Hilfe<br><\/strong><\/p>\n\n\n\n<p>Wenn Sie helfen m\u00f6chten, k\u00f6nnen Sie dies gerne in Form einer Spende tun.<br>Wenn Sie eine Spendenbescheinigung w\u00fcnschen geben Sie bitte Ihren Wohnort mit an.<\/p>\n\n\n\n<p>Wir sind f\u00fcr jede noch so kleine Hilfe sehr dankbar.<\/p>\n\n\n\n<h3>Helfen<\/h3>\n\n\n\n<div class=\"wp-block-image\"><figure class=\"alignright size-large is-resized\"><img loading=\"lazy\" src=\"http:\/\/wp.sonnenschein-fuer-kinder.com\/wp-content\/uploads\/2020\/03\/Alex_fr\u00c3\u00b6hlich-768x1024.jpg\" alt=\"\" class=\"wp-image-83\" width=\"251\" height=\"335\" srcset=\"https:\/\/sonnenschein-fuer-kinder.com\/wp-content\/uploads\/2020\/03\/Alex_fr\u00c3\u00b6hlich-768x1024.jpg 768w, https:\/\/sonnenschein-fuer-kinder.com\/wp-content\/uploads\/2020\/03\/Alex_fr\u00c3\u00b6hlich-225x300.jpg 225w, https:\/\/sonnenschein-fuer-kinder.com\/wp-content\/uploads\/2020\/03\/Alex_fr\u00c3\u00b6hlich.jpg 960w\" sizes=\"(max-width: 251px) 100vw, 251px\" \/><\/figure><\/div>\n\n\n\n<p>Verein Sonnenschein f\u00fcr Kinder in Georgien e.V.<br>Hamburger Sparkasse<br>Konto: 1265107357<br>BLZ.: 200 505 50<br>IBAN: DE94 2005 0550 1265 1073 57<\/p>\n\n\n\n<p>Stichwort:&nbsp;<strong>Alexa<\/strong><strong>ndre<\/strong><\/p>\n\n\n\n<p>Vielen Dank f\u00fcr Ihre Hilfe !<\/p>\n\n\n\n<p>Wenn Sie eine Spendenquittung w\u00fcnschen, geben Sie bitte auf dem \u00dcberweisungstr\u00e4ger Ihren Wohnort und Ihre Adresse an.<\/p>\n\n\n\n<p><a href=\"mailto:info@sonnenschein-fuer-kinder.de\"><strong>E-Mail<\/strong><\/a>\u00a0f\u00fcr weitere Informationen.<\/p>\n","protected":false},"excerpt":{"rendered":"<p>Alexandre Bagaturia&nbsp;ist 4 Jahre alt und leidet an den Komplikationen einer schweren Hirnhautentz\u00fcndung. Alexandre wurde Ende M\u00e4rz 2018 von seiner Mutter mit diffusen Symptomen und starken Kopfschmerzen ins Krankenhaus nach Tiflis gebracht. Dort verschlechterte sich sein Zustand schnell und er<\/p>\n","protected":false},"author":1,"featured_media":0,"parent":0,"menu_order":0,"comment_status":"closed","ping_status":"closed","template":"","meta":{"_monsterinsights_skip_tracking":false,"_monsterinsights_sitenote_active":false,"_monsterinsights_sitenote_note":"","_monsterinsights_sitenote_category":0},"_links":{"self":[{"href":"https:\/\/sonnenschein-fuer-kinder.com\/index.php?rest_route=\/wp\/v2\/pages\/8"}],"collection":[{"href":"https:\/\/sonnenschein-fuer-kinder.com\/index.php?rest_route=\/wp\/v2\/pages"}],"about":[{"href":"https:\/\/sonnenschein-fuer-kinder.com\/index.php?rest_route=\/wp\/v2\/types\/page"}],"author":[{"embeddable":true,"href":"https:\/\/sonnenschein-fuer-kinder.com\/index.php?rest_route=\/wp\/v2\/users\/1"}],"replies":[{"embeddable":true,"href":"https:\/\/sonnenschein-fuer-kinder.com\/index.php?rest_route=%2Fwp%2Fv2%2Fcomments&post=8"}],"version-history":[{"count":2,"href":"https:\/\/sonnenschein-fuer-kinder.com\/index.php?rest_route=\/wp\/v2\/pages\/8\/revisions"}],"predecessor-version":[{"id":110,"href":"https:\/\/sonnenschein-fuer-kinder.com\/index.php?rest_route=\/wp\/v2\/pages\/8\/revisions\/110"}],"wp:attachment":[{"href":"https:\/\/sonnenschein-fuer-kinder.com\/index.php?rest_route=%2Fwp%2Fv2%2Fmedia&parent=8"}],"curies":[{"name":"wp","href":"https:\/\/api.w.org\/{rel}","templated":true}]}}