{"id":52,"date":"2020-03-30T17:13:43","date_gmt":"2020-03-30T17:13:43","guid":{"rendered":"http:\/\/wp.sonnenschein-fuer-kinder.com\/?page_id=52"},"modified":"2021-03-11T12:17:47","modified_gmt":"2021-03-11T12:17:47","slug":"das-land","status":"publish","type":"page","link":"https:\/\/sonnenschein-fuer-kinder.com\/?page_id=52","title":{"rendered":"Das Land"},"content":{"rendered":"\n<div class=\"wp-block-image\"><figure class=\"alignright size-large is-resized\"><img loading=\"lazy\" src=\"https:\/\/sonnenschein-fuer-kinder.com\/wp-content\/uploads\/2021\/03\/Globus.png\" alt=\"\" class=\"wp-image-419\" width=\"312\" height=\"311\" srcset=\"https:\/\/sonnenschein-fuer-kinder.com\/wp-content\/uploads\/2021\/03\/Globus.png 465w, https:\/\/sonnenschein-fuer-kinder.com\/wp-content\/uploads\/2021\/03\/Globus-300x300.png 300w, https:\/\/sonnenschein-fuer-kinder.com\/wp-content\/uploads\/2021\/03\/Globus-150x150.png 150w, https:\/\/sonnenschein-fuer-kinder.com\/wp-content\/uploads\/2021\/03\/Globus-270x270.png 270w, https:\/\/sonnenschein-fuer-kinder.com\/wp-content\/uploads\/2021\/03\/Globus-230x230.png 230w\" sizes=\"(max-width: 312px) 100vw, 312px\" \/><\/figure><\/div>\n\n\n\n<p>Georgien befindet sich an der Grenze von Europa und Asien.<br>Eingeschlossen zwischen dem Gro\u00dfen und dem Kleinen Kaukasus entspricht seine Staatsfl\u00e4che mit 69.700km\u00b2&nbsp;etwa der Gr\u00f6\u00dfe Bayerns.<\/p>\n\n\n\n<p>Der Kaukasus umgibt&nbsp;das Land&nbsp;und sch\u00fctzt es vor starken&nbsp;Kaltluftwellen aus dem Norden. Gleichzeitig erlaubt es den Winden \u00fcber&nbsp;dem Schwarzen Meer, das Land zu erw\u00e4rmen und feuchte Luft ins Landesinnere zu tragen, welche im Osten abregnet. <br>Die Klimazonen reichen in Geogien von einem subtropisch-feuchten Klima mit Bambushainen und&nbsp;Palmenstrand an der Schwarzmeerk\u00fcste&nbsp;im Westen des Landes,&nbsp;bis hin zu einem trockenen und gem\u00e4\u00dfigten Kontinentalklima im Osten, welches sogar eine Salzw\u00fcste ausbildet. <br>Der Fr\u00fchling in Georgien ist kurz mit abrupten Wetterumschw\u00fcngen, der Sommer oft sengend hei\u00df. Der Herbst ist sonnig-warm, der Winter oft schneereich und in den Bergregionen bitterkalt.<\/p>\n\n\n\n<div class=\"wp-block-image\"><figure class=\"alignleft size-large is-resized\"><img loading=\"lazy\" src=\"https:\/\/sonnenschein-fuer-kinder.com\/wp-content\/uploads\/2020\/03\/georgien.jpg\" alt=\"\" class=\"wp-image-24\" width=\"515\" height=\"297\" srcset=\"https:\/\/sonnenschein-fuer-kinder.com\/wp-content\/uploads\/2020\/03\/georgien.jpg 750w, https:\/\/sonnenschein-fuer-kinder.com\/wp-content\/uploads\/2020\/03\/georgien-300x173.jpg 300w\" sizes=\"(max-width: 515px) 100vw, 515px\" \/><\/figure><\/div>\n\n\n\n<p>Georgien hat etwa 4,5 Millionen Staatsb\u00fcrger, von denen auf Grund von Verfolgung, B\u00fcrgerkriegen und der wirtschaftlichen Situation derzeit jedoch etwa 1,5 Millionen im Ausland leben. Meist unterst\u00fctzen diese Diaspora-Georgier mit Ihrem Einkommen Angeh\u00f6rige im Heimatland. <\/p>\n\n\n\n<p>Krank sein in Georgien ist nichts f\u00fcr schwache Nerven. Die Zust\u00e4nde in georgischen Krankenh\u00e4usern und Gesundheitseinrichtungen sind zum gr\u00f6\u00dften Teil katastrophal.<\/p>\n\n\n\n<div class=\"wp-block-image\"><figure class=\"alignright size-large is-resized\"><img loading=\"lazy\" src=\"http:\/\/wp.sonnenschein-fuer-kinder.com\/wp-content\/uploads\/2020\/03\/Warten-auf-Anastasias-Geburt-1024x768.jpg\" alt=\"\" class=\"wp-image-41\" width=\"288\" height=\"217\" srcset=\"https:\/\/sonnenschein-fuer-kinder.com\/wp-content\/uploads\/2020\/03\/Warten-auf-Anastasias-Geburt-1024x768.jpg 1024w, https:\/\/sonnenschein-fuer-kinder.com\/wp-content\/uploads\/2020\/03\/Warten-auf-Anastasias-Geburt-300x225.jpg 300w, https:\/\/sonnenschein-fuer-kinder.com\/wp-content\/uploads\/2020\/03\/Warten-auf-Anastasias-Geburt-768x576.jpg 768w, https:\/\/sonnenschein-fuer-kinder.com\/wp-content\/uploads\/2020\/03\/Warten-auf-Anastasias-Geburt.jpg 1125w\" sizes=\"(max-width: 288px) 100vw, 288px\" \/><\/figure><\/div>\n\n\n\n<p>Vor allem in den Provinzen fehlt es an medizinischer Versorgung und dem n\u00f6tigen Wissen zur ad\u00e4quaten Behandlung. Wenn Angeh\u00f6rige nicht in der Lage sind, die Versorgung des Patienten mit Lebensmitteln und Hygieneartikeln zu \u00fcbernehmen und die ben\u00f6tigten Medikamente aus den umliegenden Apotheken nicht herbeiringen oder kaufen k\u00f6nnen, wird Patienten auch schonmal nicht geholfen oder sie m\u00fcssen hungern.<\/p>\n\n\n\n<p>Eine Krankenhausk\u00fcche oder Reinigungspersonal ist in den Hospitalen meist nicht vorhanden und westeurop\u00e4ische Hygienestandards sind teils nicht bekannt und schon gar nicht durchsetzbar.<\/p>\n\n\n\n<p>R\u00f6ntgen ohne Bleischutz, Geburten in 20-Bett-S\u00e4len, Bettentausch von inkontinenten Patienten und frisch Operierten ohne vorherige Reinigung, rauchende Chirurgen, Ungeziefer in den Krankenzimmern, Stromausfall w\u00e4hrend OP\u00b4s, Schimmel in den Matratzen und zugige R\u00e4ume sind noch die harmloseren Momente in denen man tief durch atmet, kurz schaudert und dann umgehend handeln m\u00f6chte.<\/p>\n\n\n\n<p><br><\/p>\n\n\n\n<figure class=\"wp-block-gallery columns-4 is-cropped\"><ul class=\"blocks-gallery-grid\"><li class=\"blocks-gallery-item\"><figure><img loading=\"lazy\" width=\"720\" height=\"960\" src=\"http:\/\/wp.sonnenschein-fuer-kinder.com\/wp-content\/uploads\/2020\/03\/KOdjori.jpg\" alt=\"\" data-id=\"27\" data-full-url=\"http:\/\/wp.sonnenschein-fuer-kinder.com\/wp-content\/uploads\/2020\/03\/KOdjori.jpg\" data-link=\"http:\/\/wp.sonnenschein-fuer-kinder.com\/?attachment_id=27\" class=\"wp-image-27\" srcset=\"https:\/\/sonnenschein-fuer-kinder.com\/wp-content\/uploads\/2020\/03\/KOdjori.jpg 720w, https:\/\/sonnenschein-fuer-kinder.com\/wp-content\/uploads\/2020\/03\/KOdjori-225x300.jpg 225w\" sizes=\"(max-width: 720px) 100vw, 720px\" \/><\/figure><\/li><li class=\"blocks-gallery-item\"><figure><img loading=\"lazy\" width=\"720\" height=\"960\" src=\"http:\/\/wp.sonnenschein-fuer-kinder.com\/wp-content\/uploads\/2020\/03\/STrommast-in-Digomi.jpg\" alt=\"\" data-id=\"40\" data-full-url=\"http:\/\/wp.sonnenschein-fuer-kinder.com\/wp-content\/uploads\/2020\/03\/STrommast-in-Digomi.jpg\" data-link=\"http:\/\/wp.sonnenschein-fuer-kinder.com\/?attachment_id=40\" class=\"wp-image-40\" srcset=\"https:\/\/sonnenschein-fuer-kinder.com\/wp-content\/uploads\/2020\/03\/STrommast-in-Digomi.jpg 720w, https:\/\/sonnenschein-fuer-kinder.com\/wp-content\/uploads\/2020\/03\/STrommast-in-Digomi-225x300.jpg 225w\" sizes=\"(max-width: 720px) 100vw, 720px\" \/><\/figure><\/li><li class=\"blocks-gallery-item\"><figure><img loading=\"lazy\" width=\"1024\" height=\"768\" src=\"http:\/\/wp.sonnenschein-fuer-kinder.com\/wp-content\/uploads\/2020\/03\/Lalis-Krankenzimmer-1024x768.jpg\" alt=\"\" data-id=\"30\" data-full-url=\"http:\/\/wp.sonnenschein-fuer-kinder.com\/wp-content\/uploads\/2020\/03\/Lalis-Krankenzimmer.jpg\" data-link=\"http:\/\/wp.sonnenschein-fuer-kinder.com\/?attachment_id=30\" class=\"wp-image-30\" srcset=\"https:\/\/sonnenschein-fuer-kinder.com\/wp-content\/uploads\/2020\/03\/Lalis-Krankenzimmer-1024x768.jpg 1024w, https:\/\/sonnenschein-fuer-kinder.com\/wp-content\/uploads\/2020\/03\/Lalis-Krankenzimmer-300x225.jpg 300w, https:\/\/sonnenschein-fuer-kinder.com\/wp-content\/uploads\/2020\/03\/Lalis-Krankenzimmer-768x576.jpg 768w, https:\/\/sonnenschein-fuer-kinder.com\/wp-content\/uploads\/2020\/03\/Lalis-Krankenzimmer.jpg 1125w\" sizes=\"(max-width: 1024px) 100vw, 1024px\" \/><\/figure><\/li><li class=\"blocks-gallery-item\"><figure><img loading=\"lazy\" width=\"720\" height=\"960\" src=\"http:\/\/wp.sonnenschein-fuer-kinder.com\/wp-content\/uploads\/2020\/03\/Lali-letzter-Besuch.jpg\" alt=\"\" data-id=\"29\" data-full-url=\"http:\/\/wp.sonnenschein-fuer-kinder.com\/wp-content\/uploads\/2020\/03\/Lali-letzter-Besuch.jpg\" data-link=\"http:\/\/wp.sonnenschein-fuer-kinder.com\/?attachment_id=29\" class=\"wp-image-29\" srcset=\"https:\/\/sonnenschein-fuer-kinder.com\/wp-content\/uploads\/2020\/03\/Lali-letzter-Besuch.jpg 720w, https:\/\/sonnenschein-fuer-kinder.com\/wp-content\/uploads\/2020\/03\/Lali-letzter-Besuch-225x300.jpg 225w\" sizes=\"(max-width: 720px) 100vw, 720px\" \/><\/figure><\/li><li class=\"blocks-gallery-item\"><figure><img loading=\"lazy\" width=\"1024\" height=\"768\" src=\"http:\/\/wp.sonnenschein-fuer-kinder.com\/wp-content\/uploads\/2020\/03\/Straenkind-1024x768.jpg\" alt=\"\" data-id=\"39\" data-full-url=\"http:\/\/wp.sonnenschein-fuer-kinder.com\/wp-content\/uploads\/2020\/03\/Straenkind.jpg\" data-link=\"http:\/\/wp.sonnenschein-fuer-kinder.com\/?attachment_id=39\" class=\"wp-image-39\" srcset=\"https:\/\/sonnenschein-fuer-kinder.com\/wp-content\/uploads\/2020\/03\/Straenkind-1024x768.jpg 1024w, https:\/\/sonnenschein-fuer-kinder.com\/wp-content\/uploads\/2020\/03\/Straenkind-300x225.jpg 300w, https:\/\/sonnenschein-fuer-kinder.com\/wp-content\/uploads\/2020\/03\/Straenkind-768x576.jpg 768w, https:\/\/sonnenschein-fuer-kinder.com\/wp-content\/uploads\/2020\/03\/Straenkind.jpg 1500w\" sizes=\"(max-width: 1024px) 100vw, 1024px\" \/><\/figure><\/li><li class=\"blocks-gallery-item\"><figure><img loading=\"lazy\" width=\"1024\" height=\"614\" src=\"http:\/\/wp.sonnenschein-fuer-kinder.com\/wp-content\/uploads\/2020\/03\/20150407_123335-1024x614.jpg\" alt=\"\" data-id=\"18\" data-full-url=\"http:\/\/wp.sonnenschein-fuer-kinder.com\/wp-content\/uploads\/2020\/03\/20150407_123335.jpg\" data-link=\"http:\/\/wp.sonnenschein-fuer-kinder.com\/?attachment_id=18\" class=\"wp-image-18\" srcset=\"https:\/\/sonnenschein-fuer-kinder.com\/wp-content\/uploads\/2020\/03\/20150407_123335-1024x614.jpg 1024w, https:\/\/sonnenschein-fuer-kinder.com\/wp-content\/uploads\/2020\/03\/20150407_123335-300x180.jpg 300w, https:\/\/sonnenschein-fuer-kinder.com\/wp-content\/uploads\/2020\/03\/20150407_123335-768x461.jpg 768w, https:\/\/sonnenschein-fuer-kinder.com\/wp-content\/uploads\/2020\/03\/20150407_123335-1536x922.jpg 1536w, https:\/\/sonnenschein-fuer-kinder.com\/wp-content\/uploads\/2020\/03\/20150407_123335-2048x1229.jpg 2048w\" sizes=\"(max-width: 1024px) 100vw, 1024px\" \/><\/figure><\/li><li class=\"blocks-gallery-item\"><figure><img loading=\"lazy\" width=\"960\" height=\"720\" src=\"http:\/\/wp.sonnenschein-fuer-kinder.com\/wp-content\/uploads\/2020\/03\/Grenze-Aserbaijan.jpg\" alt=\"\" data-id=\"25\" data-full-url=\"http:\/\/wp.sonnenschein-fuer-kinder.com\/wp-content\/uploads\/2020\/03\/Grenze-Aserbaijan.jpg\" data-link=\"http:\/\/wp.sonnenschein-fuer-kinder.com\/?attachment_id=25\" class=\"wp-image-25\" srcset=\"https:\/\/sonnenschein-fuer-kinder.com\/wp-content\/uploads\/2020\/03\/Grenze-Aserbaijan.jpg 960w, https:\/\/sonnenschein-fuer-kinder.com\/wp-content\/uploads\/2020\/03\/Grenze-Aserbaijan-300x225.jpg 300w, https:\/\/sonnenschein-fuer-kinder.com\/wp-content\/uploads\/2020\/03\/Grenze-Aserbaijan-768x576.jpg 768w\" sizes=\"(max-width: 960px) 100vw, 960px\" \/><\/figure><\/li><li class=\"blocks-gallery-item\"><figure><img loading=\"lazy\" width=\"1024\" height=\"683\" src=\"http:\/\/wp.sonnenschein-fuer-kinder.com\/wp-content\/uploads\/2020\/03\/mt-sample-background-1024x683.jpg\" alt=\"\" data-id=\"33\" data-full-url=\"http:\/\/wp.sonnenschein-fuer-kinder.com\/wp-content\/uploads\/2020\/03\/mt-sample-background.jpg\" data-link=\"http:\/\/wp.sonnenschein-fuer-kinder.com\/?attachment_id=33\" class=\"wp-image-33\" srcset=\"https:\/\/sonnenschein-fuer-kinder.com\/wp-content\/uploads\/2020\/03\/mt-sample-background-1024x683.jpg 1024w, https:\/\/sonnenschein-fuer-kinder.com\/wp-content\/uploads\/2020\/03\/mt-sample-background-300x200.jpg 300w, https:\/\/sonnenschein-fuer-kinder.com\/wp-content\/uploads\/2020\/03\/mt-sample-background-768x512.jpg 768w, https:\/\/sonnenschein-fuer-kinder.com\/wp-content\/uploads\/2020\/03\/mt-sample-background-1536x1024.jpg 1536w, https:\/\/sonnenschein-fuer-kinder.com\/wp-content\/uploads\/2020\/03\/mt-sample-background.jpg 1920w\" sizes=\"(max-width: 1024px) 100vw, 1024px\" \/><\/figure><\/li><\/ul><\/figure>\n","protected":false},"excerpt":{"rendered":"<p>Georgien befindet sich an der Grenze von Europa und Asien.Eingeschlossen zwischen dem Gro\u00dfen und dem Kleinen Kaukasus entspricht seine Staatsfl\u00e4che mit 69.700km\u00b2&nbsp;etwa der Gr\u00f6\u00dfe Bayerns. Der Kaukasus umgibt&nbsp;das Land&nbsp;und sch\u00fctzt es vor starken&nbsp;Kaltluftwellen aus dem Norden. Gleichzeitig erlaubt es den<\/p>\n","protected":false},"author":1,"featured_media":0,"parent":0,"menu_order":0,"comment_status":"closed","ping_status":"closed","template":"","meta":{"_monsterinsights_skip_tracking":false,"_monsterinsights_sitenote_active":false,"_monsterinsights_sitenote_note":"","_monsterinsights_sitenote_category":0},"_links":{"self":[{"href":"https:\/\/sonnenschein-fuer-kinder.com\/index.php?rest_route=\/wp\/v2\/pages\/52"}],"collection":[{"href":"https:\/\/sonnenschein-fuer-kinder.com\/index.php?rest_route=\/wp\/v2\/pages"}],"about":[{"href":"https:\/\/sonnenschein-fuer-kinder.com\/index.php?rest_route=\/wp\/v2\/types\/page"}],"author":[{"embeddable":true,"href":"https:\/\/sonnenschein-fuer-kinder.com\/index.php?rest_route=\/wp\/v2\/users\/1"}],"replies":[{"embeddable":true,"href":"https:\/\/sonnenschein-fuer-kinder.com\/index.php?rest_route=%2Fwp%2Fv2%2Fcomments&post=52"}],"version-history":[{"count":27,"href":"https:\/\/sonnenschein-fuer-kinder.com\/index.php?rest_route=\/wp\/v2\/pages\/52\/revisions"}],"predecessor-version":[{"id":429,"href":"https:\/\/sonnenschein-fuer-kinder.com\/index.php?rest_route=\/wp\/v2\/pages\/52\/revisions\/429"}],"wp:attachment":[{"href":"https:\/\/sonnenschein-fuer-kinder.com\/index.php?rest_route=%2Fwp%2Fv2%2Fmedia&parent=52"}],"curies":[{"name":"wp","href":"https:\/\/api.w.org\/{rel}","templated":true}]}}