{"id":472,"date":"2021-12-10T21:55:16","date_gmt":"2021-12-10T21:55:16","guid":{"rendered":"https:\/\/sonnenschein-fuer-kinder.com\/?page_id=472"},"modified":"2021-12-14T13:13:08","modified_gmt":"2021-12-14T13:13:08","slug":"sonnenschein-fuer-kinder-in-georgien-e-v-trauert-um-frau-susanne-muench","status":"publish","type":"page","link":"https:\/\/sonnenschein-fuer-kinder.com\/?page_id=472","title":{"rendered":"Sonnenschein f\u00fcr Kinder in Georgien e.V.  trauert um Frau Susanne M\u00fcnch"},"content":{"rendered":"\n<div class=\"wp-block-image\"><figure class=\"alignleft size-medium\"><img loading=\"lazy\" width=\"225\" height=\"300\" src=\"https:\/\/sonnenschein-fuer-kinder.com\/wp-content\/uploads\/2021\/12\/Susanne-225x300.jpg\" alt=\"\" class=\"wp-image-474\" srcset=\"https:\/\/sonnenschein-fuer-kinder.com\/wp-content\/uploads\/2021\/12\/Susanne-225x300.jpg 225w, https:\/\/sonnenschein-fuer-kinder.com\/wp-content\/uploads\/2021\/12\/Susanne.jpg 453w\" sizes=\"(max-width: 225px) 100vw, 225px\" \/><\/figure><\/div>\n\n\n\n<p>Sonnnschein f\u00fcr Kinder in Georgien e.V. trauert um seine Gr\u00fcnderin, Susanne M\u00fcnch &#8211; eine ganz besondere Frau voller Lebensfreude, Mut, Optimismus und dem absoluten Willen Gutes zu bewirken, sowie der Hartn\u00e4ckigkeit dieses auch zu erreichen.  <\/p>\n\n\n\n<p>Im Jahr 2005 gr\u00fcndete Susanne M\u00fcnch den Verein, nachdem Sie in der ostgeorgischen Region Kaxetien \u00fcber den Zustand von Kinderg\u00e4rten, Tageseinrichtungen und Kinderheimen entsetzt war. Susanne kam nach Georgien, sah das Elend und entschied sich, dass es so nicht bleiben soll und wird.<\/p>\n\n\n\n<div class=\"wp-block-image\"><figure class=\"alignright size-medium\"><img loading=\"lazy\" width=\"261\" height=\"300\" src=\"https:\/\/sonnenschein-fuer-kinder.com\/wp-content\/uploads\/2021\/12\/Susanne_1-1-261x300.jpg\" alt=\"\" class=\"wp-image-476\" srcset=\"https:\/\/sonnenschein-fuer-kinder.com\/wp-content\/uploads\/2021\/12\/Susanne_1-1-261x300.jpg 261w, https:\/\/sonnenschein-fuer-kinder.com\/wp-content\/uploads\/2021\/12\/Susanne_1-1.jpg 337w\" sizes=\"(max-width: 261px) 100vw, 261px\" \/><\/figure><\/div>\n\n\n\n<p>Geschockt und nachhaltig beeindruckt von den vielen undichten D\u00e4chern, fehlenden Toiletten, schmutzigem und fehlendem Essen f\u00fcr die zum Teil kranken betreuten Kinder kehrte sie in Ihre Heimat in Hamburg-Blankenese zur\u00fcck und berichtete Freunden und Verwandten vom Gesehenen und Erlebten, sowie von Ihrem unbedingten Willen etwas an den Zust\u00e4nden dort zu \u00e4ndern.   <\/p>\n\n\n\n<p>Susanne erarbeitete eine Satzung, gr\u00fcndete den Verein Sonnenschein f\u00fcr Kinder in Georgien, lie\u00df den Verein eintragen und beantragte die Gemeinn\u00fctzigkeit. Doch nicht nur das, Spenden wurden gesammelt und daraufhin in Kaxetien D\u00e4cher repariert, Sickergruben f\u00fcr Toiletten gegraben und K\u00fcchen unerm\u00fcdlich ausgebaut. Auch bei der georgischen Regionalverwaltung machte sich die quirrlige Hamburgerin einen Namen und war eine gern gesehene, wenn auch herausfordernde Dame.  <\/p>\n\n\n\n<div class=\"wp-block-image\"><figure class=\"alignleft size-medium\"><img loading=\"lazy\" width=\"300\" height=\"225\" src=\"https:\/\/sonnenschein-fuer-kinder.com\/wp-content\/uploads\/2021\/12\/Susanne9-300x225.jpg\" alt=\"\" class=\"wp-image-475\" srcset=\"https:\/\/sonnenschein-fuer-kinder.com\/wp-content\/uploads\/2021\/12\/Susanne9-300x225.jpg 300w, https:\/\/sonnenschein-fuer-kinder.com\/wp-content\/uploads\/2021\/12\/Susanne9.jpg 604w\" sizes=\"(max-width: 300px) 100vw, 300px\" \/><figcaption><strong>\u10e9\u10d5\u10d4\u10dc \u10d2\u10d5\u10d8\u10e7\u10d5\u10d0\u10e0\u10ee\u10d0\u10e0 \u10e1\u10e3\u10d6\u10d0\u10dc\u10d4<\/strong><br><img loading=\"lazy\" src=\"https:\/\/sonnenschein-fuer-kinder.com\/wp-content\/uploads\/2021\/12\/grafik.png\" alt=\"\" width=\"18\" height=\"18\"><\/figcaption><\/figure><\/div>\n\n\n\n<p><br>Der georgische Buchstabe im Logo unseres Vereins ist ein &#8222;S&#8220; wie in Sonne, aber auch wie in Susanne. Und wie er im Mittelpunkt unseres Logos &#8211; welches Susanne entworfen hat &#8211; steht, so wird auch Susanne immer in der Mitte unseres Vereins stehen. Lasst uns fr\u00f6hlich sein und Susi&#8217;s Leben feiern, voller Dankbarkeit und Wertsch\u00e4tzung f\u00fcr alles was sie bewirkt hat, f\u00fcr alle Liebe, die sie in ihr Tun gesteckt hat, f\u00fcr all ihre Power und den gro\u00dfen Einfluss, den ihr Leben f\u00fcr andere hatte. <\/p>\n\n\n\n<p>Wir werden Dich, Dein Tun und Dein rie\u00dfiges Geschenk an uns und die Kinder in Georgien f\u00fcr immer in Erinnerung halten, Du Powerfrau und Vorbild. Du hast einen Unterschied gemacht. <\/p>\n\n\n\n<p><\/p>\n\n\n\n<p><\/p>\n\n\n\n<p><\/p>\n\n\n\n<p class=\"has-text-align-center has-medium-font-size\"><strong>\u10e9\u10d5\u10d4\u10dc \u10d2\u10d5\u10d8\u10e7\u10d5\u10d0\u10e0\u10ee\u10d0\u10e0 \u10e1\u10e3\u10d6\u10d0\u10dc\u10d4 !<\/strong><\/p>\n\n\n\n<p class=\"has-medium-font-size\"><\/p>\n\n\n\n<p class=\"has-medium-font-size\"><br><br><br><\/p>\n\n\n\n<p class=\"has-text-align-right has-small-font-size\">Im Namen des Vorstands, Daniela Rank (1. Vorsitzende) &#8211; 10.12.2021<\/p>\n\n\n\n<div class=\"wp-block-columns alignfull are-vertically-aligned-center\">\n<div class=\"wp-block-column is-vertically-aligned-center\" style=\"flex-basis:100%\">\n<div class=\"wp-container-1 wp-block-group\"><div class=\"wp-block-group__inner-container\">\n<div class=\"wp-block-columns\">\n<div class=\"wp-block-column\" style=\"flex-basis:100%\">\n<figure class=\"wp-block-gallery columns-3 is-cropped\"><ul class=\"blocks-gallery-grid\"><li class=\"blocks-gallery-item\"><figure><img loading=\"lazy\" width=\"604\" height=\"453\" src=\"https:\/\/sonnenschein-fuer-kinder.com\/wp-content\/uploads\/2021\/12\/Susanne8-1.jpg\" alt=\"\" data-id=\"485\" data-full-url=\"https:\/\/sonnenschein-fuer-kinder.com\/wp-content\/uploads\/2021\/12\/Susanne8-1.jpg\" data-link=\"https:\/\/sonnenschein-fuer-kinder.com\/?attachment_id=485\" class=\"wp-image-485\" srcset=\"https:\/\/sonnenschein-fuer-kinder.com\/wp-content\/uploads\/2021\/12\/Susanne8-1.jpg 604w, https:\/\/sonnenschein-fuer-kinder.com\/wp-content\/uploads\/2021\/12\/Susanne8-1-300x225.jpg 300w\" sizes=\"(max-width: 604px) 100vw, 604px\" \/><\/figure><\/li><li class=\"blocks-gallery-item\"><figure><img loading=\"lazy\" width=\"274\" height=\"206\" src=\"https:\/\/sonnenschein-fuer-kinder.com\/wp-content\/uploads\/2021\/12\/Susanne6.jpg\" alt=\"\" data-id=\"486\" data-full-url=\"https:\/\/sonnenschein-fuer-kinder.com\/wp-content\/uploads\/2021\/12\/Susanne6.jpg\" data-link=\"https:\/\/sonnenschein-fuer-kinder.com\/?attachment_id=486\" class=\"wp-image-486\"\/><\/figure><\/li><li class=\"blocks-gallery-item\"><figure><img loading=\"lazy\" width=\"604\" height=\"404\" src=\"https:\/\/sonnenschein-fuer-kinder.com\/wp-content\/uploads\/2021\/12\/Susanne7.jpg\" alt=\"\" data-id=\"487\" data-full-url=\"https:\/\/sonnenschein-fuer-kinder.com\/wp-content\/uploads\/2021\/12\/Susanne7.jpg\" data-link=\"https:\/\/sonnenschein-fuer-kinder.com\/?attachment_id=487\" class=\"wp-image-487\" srcset=\"https:\/\/sonnenschein-fuer-kinder.com\/wp-content\/uploads\/2021\/12\/Susanne7.jpg 604w, https:\/\/sonnenschein-fuer-kinder.com\/wp-content\/uploads\/2021\/12\/Susanne7-300x201.jpg 300w\" sizes=\"(max-width: 604px) 100vw, 604px\" \/><\/figure><\/li><li class=\"blocks-gallery-item\"><figure><img loading=\"lazy\" width=\"604\" height=\"453\" src=\"https:\/\/sonnenschein-fuer-kinder.com\/wp-content\/uploads\/2021\/12\/Susanne2.jpg\" alt=\"\" data-id=\"489\" data-full-url=\"https:\/\/sonnenschein-fuer-kinder.com\/wp-content\/uploads\/2021\/12\/Susanne2.jpg\" data-link=\"https:\/\/sonnenschein-fuer-kinder.com\/?attachment_id=489\" class=\"wp-image-489\" srcset=\"https:\/\/sonnenschein-fuer-kinder.com\/wp-content\/uploads\/2021\/12\/Susanne2.jpg 604w, https:\/\/sonnenschein-fuer-kinder.com\/wp-content\/uploads\/2021\/12\/Susanne2-300x225.jpg 300w\" sizes=\"(max-width: 604px) 100vw, 604px\" \/><\/figure><\/li><li class=\"blocks-gallery-item\"><figure><img loading=\"lazy\" width=\"604\" height=\"453\" src=\"https:\/\/sonnenschein-fuer-kinder.com\/wp-content\/uploads\/2021\/12\/Susanne-4.jpg\" alt=\"\" data-id=\"490\" data-full-url=\"https:\/\/sonnenschein-fuer-kinder.com\/wp-content\/uploads\/2021\/12\/Susanne-4.jpg\" data-link=\"https:\/\/sonnenschein-fuer-kinder.com\/?attachment_id=490\" class=\"wp-image-490\" srcset=\"https:\/\/sonnenschein-fuer-kinder.com\/wp-content\/uploads\/2021\/12\/Susanne-4.jpg 604w, https:\/\/sonnenschein-fuer-kinder.com\/wp-content\/uploads\/2021\/12\/Susanne-4-300x225.jpg 300w\" sizes=\"(max-width: 604px) 100vw, 604px\" \/><\/figure><\/li><li class=\"blocks-gallery-item\"><figure><img loading=\"lazy\" width=\"453\" height=\"604\" src=\"https:\/\/sonnenschein-fuer-kinder.com\/wp-content\/uploads\/2021\/12\/Susanne-3.jpg\" alt=\"\" data-id=\"491\" data-full-url=\"https:\/\/sonnenschein-fuer-kinder.com\/wp-content\/uploads\/2021\/12\/Susanne-3.jpg\" data-link=\"https:\/\/sonnenschein-fuer-kinder.com\/?attachment_id=491\" class=\"wp-image-491\" srcset=\"https:\/\/sonnenschein-fuer-kinder.com\/wp-content\/uploads\/2021\/12\/Susanne-3.jpg 453w, https:\/\/sonnenschein-fuer-kinder.com\/wp-content\/uploads\/2021\/12\/Susanne-3-225x300.jpg 225w\" sizes=\"(max-width: 453px) 100vw, 453px\" \/><\/figure><\/li><li class=\"blocks-gallery-item\"><figure><img loading=\"lazy\" width=\"1024\" height=\"768\" src=\"https:\/\/sonnenschein-fuer-kinder.com\/wp-content\/uploads\/2021\/12\/Susanne-5-1024x768.jpg\" alt=\"\" data-id=\"488\" data-full-url=\"https:\/\/sonnenschein-fuer-kinder.com\/wp-content\/uploads\/2021\/12\/Susanne-5.jpg\" data-link=\"https:\/\/sonnenschein-fuer-kinder.com\/?attachment_id=488\" class=\"wp-image-488\" srcset=\"https:\/\/sonnenschein-fuer-kinder.com\/wp-content\/uploads\/2021\/12\/Susanne-5-1024x768.jpg 1024w, https:\/\/sonnenschein-fuer-kinder.com\/wp-content\/uploads\/2021\/12\/Susanne-5-300x225.jpg 300w, https:\/\/sonnenschein-fuer-kinder.com\/wp-content\/uploads\/2021\/12\/Susanne-5-768x576.jpg 768w, https:\/\/sonnenschein-fuer-kinder.com\/wp-content\/uploads\/2021\/12\/Susanne-5-1536x1152.jpg 1536w, https:\/\/sonnenschein-fuer-kinder.com\/wp-content\/uploads\/2021\/12\/Susanne-5.jpg 2048w\" sizes=\"(max-width: 1024px) 100vw, 1024px\" \/><\/figure><\/li><\/ul><\/figure>\n<\/div>\n<\/div>\n<\/div><\/div>\n<\/div>\n<\/div>\n","protected":false},"excerpt":{"rendered":"<p>Sonnnschein f\u00fcr Kinder in Georgien e.V. trauert um seine Gr\u00fcnderin, Susanne M\u00fcnch &#8211; eine ganz besondere Frau voller Lebensfreude, Mut, Optimismus und dem absoluten Willen Gutes zu bewirken, sowie der Hartn\u00e4ckigkeit dieses auch zu erreichen. Im Jahr 2005 gr\u00fcndete Susanne<\/p>\n","protected":false},"author":1,"featured_media":0,"parent":0,"menu_order":0,"comment_status":"closed","ping_status":"closed","template":"","meta":{"_monsterinsights_skip_tracking":false,"_monsterinsights_sitenote_active":false,"_monsterinsights_sitenote_note":"","_monsterinsights_sitenote_category":0},"_links":{"self":[{"href":"https:\/\/sonnenschein-fuer-kinder.com\/index.php?rest_route=\/wp\/v2\/pages\/472"}],"collection":[{"href":"https:\/\/sonnenschein-fuer-kinder.com\/index.php?rest_route=\/wp\/v2\/pages"}],"about":[{"href":"https:\/\/sonnenschein-fuer-kinder.com\/index.php?rest_route=\/wp\/v2\/types\/page"}],"author":[{"embeddable":true,"href":"https:\/\/sonnenschein-fuer-kinder.com\/index.php?rest_route=\/wp\/v2\/users\/1"}],"replies":[{"embeddable":true,"href":"https:\/\/sonnenschein-fuer-kinder.com\/index.php?rest_route=%2Fwp%2Fv2%2Fcomments&post=472"}],"version-history":[{"count":35,"href":"https:\/\/sonnenschein-fuer-kinder.com\/index.php?rest_route=\/wp\/v2\/pages\/472\/revisions"}],"predecessor-version":[{"id":550,"href":"https:\/\/sonnenschein-fuer-kinder.com\/index.php?rest_route=\/wp\/v2\/pages\/472\/revisions\/550"}],"wp:attachment":[{"href":"https:\/\/sonnenschein-fuer-kinder.com\/index.php?rest_route=%2Fwp%2Fv2%2Fmedia&parent=472"}],"curies":[{"name":"wp","href":"https:\/\/api.w.org\/{rel}","templated":true}]}}