{"id":433,"date":"2021-10-20T11:10:11","date_gmt":"2021-10-20T11:10:11","guid":{"rendered":"https:\/\/sonnenschein-fuer-kinder.com\/?page_id=433"},"modified":"2022-02-07T20:26:45","modified_gmt":"2022-02-07T20:26:45","slug":"giorgi","status":"publish","type":"page","link":"https:\/\/sonnenschein-fuer-kinder.com\/?page_id=433","title":{"rendered":"Giorgi"},"content":{"rendered":"\n<p class=\"has-text-align-right\"> <\/p>\n\n\n\n<div class=\"wp-block-image\"><figure class=\"alignright is-resized\"><a href=\"https:\/\/sonnenschein-fuer-kinder.com\/?page_id=553\"><img loading=\"lazy\" src=\"https:\/\/upload.wikimedia.org\/wikipedia\/commons\/thumb\/a\/ae\/Flag_of_the_United_Kingdom.svg\/500px-Flag_of_the_United_Kingdom.svg.png\" alt=\"Datei:Flag of the United Kingdom.svg \u2013 Wikipedia\" width=\"40\" height=\"20\"\/><\/a><\/figure><\/div>\n\n\n\n<p class=\"has-text-align-left\"> <\/p>\n\n\n\n<div class=\"wp-block-columns alignwide are-vertically-aligned-top\">\n<div class=\"wp-block-column is-vertically-aligned-top\" style=\"flex-basis:21%\">\n<figure class=\"wp-block-image size-medium\"><img loading=\"lazy\" width=\"300\" height=\"300\" src=\"https:\/\/sonnenschein-fuer-kinder.com\/wp-content\/uploads\/2021\/10\/Gio-Roller-300x300.jpg\" alt=\"\" class=\"wp-image-438\" srcset=\"https:\/\/sonnenschein-fuer-kinder.com\/wp-content\/uploads\/2021\/10\/Gio-Roller-300x300.jpg 300w, https:\/\/sonnenschein-fuer-kinder.com\/wp-content\/uploads\/2021\/10\/Gio-Roller-150x150.jpg 150w, https:\/\/sonnenschein-fuer-kinder.com\/wp-content\/uploads\/2021\/10\/Gio-Roller-768x768.jpg 768w, https:\/\/sonnenschein-fuer-kinder.com\/wp-content\/uploads\/2021\/10\/Gio-Roller-270x270.jpg 270w, https:\/\/sonnenschein-fuer-kinder.com\/wp-content\/uploads\/2021\/10\/Gio-Roller-230x230.jpg 230w, https:\/\/sonnenschein-fuer-kinder.com\/wp-content\/uploads\/2021\/10\/Gio-Roller.jpg 960w\" sizes=\"(max-width: 300px) 100vw, 300px\" \/><figcaption>Giorgi (6)<\/figcaption><\/figure>\n<\/div>\n\n\n\n<div class=\"wp-block-column is-vertically-aligned-top\" style=\"flex-basis:79%\">\n<p><strong>Giorgi Chikovani ist 6 Jahre alt und kommt aus Shilda in Georgien.<\/strong><br><br>Im Mai 2021 erkrankte Giorgi der sonst sehr lebhafte Junge pl\u00f6tzlich und seine Symptome waren zuerst unerkl\u00e4rlich.<br>Nach mehreren Arztbesuchen wurde bei einem Besuch im Krankenhaus in Tiflis durch ein MRT ein Rhabdomyosarkom &#8211; Weichteilkrebs &#8211; in Giorgis Becken diagnostiziert. Rasch folgten mehrere Zyklen Chemotherapie, doch es wurde klar, dass der Krebs inzwischen bereits in Giorgis Harnblase gewachsen ist und Giorgi daher dringend eine spezielle Strahlentherapie \u2013 eine Protonentherapie \u2013 und parallel weitere Zyklen Chemotherapie ben\u00f6tigt.  <\/p>\n<\/div>\n<\/div>\n\n\n\n<div class=\"wp-block-media-text alignwide has-media-on-the-right is-stacked-on-mobile\" style=\"grid-template-columns:auto 15%\"><figure class=\"wp-block-media-text__media\"><img loading=\"lazy\" width=\"150\" height=\"150\" src=\"https:\/\/sonnenschein-fuer-kinder.com\/wp-content\/uploads\/2021\/10\/Gio-Panda-150x150.jpg\" alt=\"\" class=\"wp-image-437 size-thumbnail\" srcset=\"https:\/\/sonnenschein-fuer-kinder.com\/wp-content\/uploads\/2021\/10\/Gio-Panda-150x150.jpg 150w, https:\/\/sonnenschein-fuer-kinder.com\/wp-content\/uploads\/2021\/10\/Gio-Panda-270x270.jpg 270w, https:\/\/sonnenschein-fuer-kinder.com\/wp-content\/uploads\/2021\/10\/Gio-Panda-230x230.jpg 230w\" sizes=\"(max-width: 150px) 100vw, 150px\" \/><\/figure><div class=\"wp-block-media-text__content\">\n<p>In Georgien ist solch eine spezielle Strahlentherapie auf Grund der r\u00fcckst\u00e4ndigen medizinischen Versorgung leider nicht verf\u00fcgbar. Auch in Deutschland ist diese spezielle und vor allem f\u00fcr Kinder schonende Form der Bestrahlung lediglich in einigen spezialisierten Krankenh\u00e4usern verf\u00fcgbar.  <\/p>\n<\/div><\/div>\n\n\n\n<div class=\"wp-block-media-text alignwide is-stacked-on-mobile\" style=\"grid-template-columns:28% auto\"><figure class=\"wp-block-media-text__media\"><img loading=\"lazy\" width=\"1024\" height=\"701\" src=\"https:\/\/sonnenschein-fuer-kinder.com\/wp-content\/uploads\/2021\/10\/Gio-Geburtstag-1024x701.jpg\" alt=\"\" class=\"wp-image-435 size-full\" srcset=\"https:\/\/sonnenschein-fuer-kinder.com\/wp-content\/uploads\/2021\/10\/Gio-Geburtstag-1024x701.jpg 1024w, https:\/\/sonnenschein-fuer-kinder.com\/wp-content\/uploads\/2021\/10\/Gio-Geburtstag-300x205.jpg 300w, https:\/\/sonnenschein-fuer-kinder.com\/wp-content\/uploads\/2021\/10\/Gio-Geburtstag-768x526.jpg 768w, https:\/\/sonnenschein-fuer-kinder.com\/wp-content\/uploads\/2021\/10\/Gio-Geburtstag-1536x1052.jpg 1536w, https:\/\/sonnenschein-fuer-kinder.com\/wp-content\/uploads\/2021\/10\/Gio-Geburtstag.jpg 1875w\" sizes=\"(max-width: 1024px) 100vw, 1024px\" \/><\/figure><div class=\"wp-block-media-text__content\">\n<p>Das westdeutsche Protonentherapiezentrum in Essen kann die bei Giorgi dringend erforderliche Therapie auf seine konkreten Bed\u00fcrfnisse hin angepasst durchf\u00fchren. Die komplexe Strahlenbehandlung (Protonentherapie) kann nur an wenigen Standorten in Europa durchgef\u00fchrt werden und ist sehr kostspielig. Inzwischen konnte Giorgis Behandlung erfreulicherweise in Essen bereits begonnen werden. <\/p>\n<\/div><\/div>\n\n\n\n<div class=\"wp-block-columns alignwide\">\n<div class=\"wp-block-column\" style=\"flex-basis:81%\">\n<p>Giorgis Eltern, Dachi und Rusa, haben in Georgien zwar eine Krankenversicherung, diese ist jedoch in ihren Zahlungen limitiert. Durch Giorgis kostspielige Diagnoseverfahren (MRT, etc.) und die darauffolgende Chemotherapie ist die Krankenversicherung bereits \u00fcber dem Auszahlungslimit, daher wird diese keine weiteren Zahlungen f\u00fcr Giorgis Behandlung mehr \u00fcbernehmen. <\/p>\n<\/div>\n\n\n\n<div class=\"wp-block-column\" style=\"flex-basis:19%\">\n<figure class=\"wp-block-image is-resized\"><img loading=\"lazy\" src=\"https:\/\/sonnenschein-fuer-kinder.com\/wp-content\/uploads\/2021\/10\/Gio-Dachi-Rusa-1024x769.jpg\" alt=\"\" class=\"wp-image-434\" width=\"234\" height=\"175\" srcset=\"https:\/\/sonnenschein-fuer-kinder.com\/wp-content\/uploads\/2021\/10\/Gio-Dachi-Rusa-1024x769.jpg 1024w, https:\/\/sonnenschein-fuer-kinder.com\/wp-content\/uploads\/2021\/10\/Gio-Dachi-Rusa-300x225.jpg 300w, https:\/\/sonnenschein-fuer-kinder.com\/wp-content\/uploads\/2021\/10\/Gio-Dachi-Rusa-768x577.jpg 768w, https:\/\/sonnenschein-fuer-kinder.com\/wp-content\/uploads\/2021\/10\/Gio-Dachi-Rusa-1536x1153.jpg 1536w, https:\/\/sonnenschein-fuer-kinder.com\/wp-content\/uploads\/2021\/10\/Gio-Dachi-Rusa.jpg 1875w\" sizes=\"(max-width: 234px) 100vw, 234px\" \/><figcaption>Giorgi mit seinen Eltern<\/figcaption><\/figure>\n<\/div>\n<\/div>\n\n\n\n<div class=\"wp-block-media-text alignwide is-stacked-on-mobile is-image-fill\" style=\"grid-template-columns:15% auto\"><figure class=\"wp-block-media-text__media\" style=\"background-image:url(https:\/\/sonnenschein-fuer-kinder.com\/wp-content\/uploads\/2021\/10\/Gio-KH.jpg);background-position:50% 50%\"><img loading=\"lazy\" width=\"526\" height=\"835\" src=\"https:\/\/sonnenschein-fuer-kinder.com\/wp-content\/uploads\/2021\/10\/Gio-KH.jpg\" alt=\"\" class=\"wp-image-436 size-full\" srcset=\"https:\/\/sonnenschein-fuer-kinder.com\/wp-content\/uploads\/2021\/10\/Gio-KH.jpg 526w, https:\/\/sonnenschein-fuer-kinder.com\/wp-content\/uploads\/2021\/10\/Gio-KH-189x300.jpg 189w\" sizes=\"(max-width: 526px) 100vw, 526px\" \/><\/figure><div class=\"wp-block-media-text__content\">\n<p>Bitte helfen Sie uns mit Ihrer Spende das Leben des kleinen Giorgi zu retten.<\/p>\n\n\n\n<p><strong>Verein Sonnenschein f\u00fcr Kinder in Georgien e.V.<br>Hamburger Sparkasse<br>Konto: 1265107357<br>BLZ.: 200 505 50<br>IBAN: DE94 2005 0550 1265 1073 57<\/strong><\/p>\n<\/div><\/div>\n\n\n\n<p><\/p>\n\n\n\n<p><\/p>\n","protected":false},"excerpt":{"rendered":"<p>Giorgi Chikovani ist 6 Jahre alt und kommt aus Shilda in Georgien. Im Mai 2021 erkrankte Giorgi der sonst sehr lebhafte Junge pl\u00f6tzlich und seine Symptome waren zuerst unerkl\u00e4rlich.Nach mehreren Arztbesuchen wurde bei einem Besuch im Krankenhaus in Tiflis durch<\/p>\n","protected":false},"author":1,"featured_media":435,"parent":0,"menu_order":0,"comment_status":"closed","ping_status":"closed","template":"","meta":{"_monsterinsights_skip_tracking":false,"_monsterinsights_sitenote_active":false,"_monsterinsights_sitenote_note":"","_monsterinsights_sitenote_category":0},"_links":{"self":[{"href":"https:\/\/sonnenschein-fuer-kinder.com\/index.php?rest_route=\/wp\/v2\/pages\/433"}],"collection":[{"href":"https:\/\/sonnenschein-fuer-kinder.com\/index.php?rest_route=\/wp\/v2\/pages"}],"about":[{"href":"https:\/\/sonnenschein-fuer-kinder.com\/index.php?rest_route=\/wp\/v2\/types\/page"}],"author":[{"embeddable":true,"href":"https:\/\/sonnenschein-fuer-kinder.com\/index.php?rest_route=\/wp\/v2\/users\/1"}],"replies":[{"embeddable":true,"href":"https:\/\/sonnenschein-fuer-kinder.com\/index.php?rest_route=%2Fwp%2Fv2%2Fcomments&post=433"}],"version-history":[{"count":24,"href":"https:\/\/sonnenschein-fuer-kinder.com\/index.php?rest_route=\/wp\/v2\/pages\/433\/revisions"}],"predecessor-version":[{"id":588,"href":"https:\/\/sonnenschein-fuer-kinder.com\/index.php?rest_route=\/wp\/v2\/pages\/433\/revisions\/588"}],"wp:featuredmedia":[{"embeddable":true,"href":"https:\/\/sonnenschein-fuer-kinder.com\/index.php?rest_route=\/wp\/v2\/media\/435"}],"wp:attachment":[{"href":"https:\/\/sonnenschein-fuer-kinder.com\/index.php?rest_route=%2Fwp%2Fv2%2Fmedia&parent=433"}],"curies":[{"name":"wp","href":"https:\/\/api.w.org\/{rel}","templated":true}]}}