{"id":360,"date":"2021-02-23T11:18:27","date_gmt":"2021-02-23T11:18:27","guid":{"rendered":"https:\/\/sonnenschein-fuer-kinder.com\/?page_id=360"},"modified":"2021-12-06T08:22:23","modified_gmt":"2021-12-06T08:22:23","slug":"elene","status":"publish","type":"page","link":"https:\/\/sonnenschein-fuer-kinder.com\/?page_id=360","title":{"rendered":"Elene"},"content":{"rendered":"\n<div class=\"wp-block-image\"><figure class=\"alignright size-large is-resized\"><img loading=\"lazy\" src=\"https:\/\/sonnenschein-fuer-kinder.com\/wp-content\/uploads\/2021\/02\/Elene-1-2.jpg\" alt=\"\" class=\"wp-image-366\" width=\"224\" height=\"299\" srcset=\"https:\/\/sonnenschein-fuer-kinder.com\/wp-content\/uploads\/2021\/02\/Elene-1-2.jpg 720w, https:\/\/sonnenschein-fuer-kinder.com\/wp-content\/uploads\/2021\/02\/Elene-1-2-225x300.jpg 225w\" sizes=\"(max-width: 224px) 100vw, 224px\" \/><figcaption><strong>Elene (10)<\/strong><\/figcaption><\/figure><\/div>\n\n\n\n<p><strong>Die 10-j\u00e4hrige Elene Mushkudiani aus Georgien leidet an akuter Leuk\u00e4mie.<\/strong><\/p>\n\n\n\n<p>Das M\u00e4dchen aus Georgien erkrankte im Dezember 2019 ersmalig an chronisch-myeloischer Leuk\u00e4mie (CML). Die Familie sammelte Geld und brachte Elene zur Behandlung in die T\u00fcrkei. <br>Mehrere Chemotherapien schienen damals anzuschlagen und die \u00c4rzte waren durchweg positiv gestimmt. Doch Anfang Februar 2021 wurde nach einer Lungenentz\u00fcndung akute Leuk\u00e4mie diagnostiziert. <\/p>\n\n\n\n<div class=\"wp-block-image\"><figure class=\"alignleft size-large is-resized\"><img loading=\"lazy\" src=\"https:\/\/sonnenschein-fuer-kinder.com\/wp-content\/uploads\/2021\/02\/Elene-KH.jpg\" alt=\"\" class=\"wp-image-367\" width=\"259\" height=\"322\" srcset=\"https:\/\/sonnenschein-fuer-kinder.com\/wp-content\/uploads\/2021\/02\/Elene-KH.jpg 772w, https:\/\/sonnenschein-fuer-kinder.com\/wp-content\/uploads\/2021\/02\/Elene-KH-241x300.jpg 241w, https:\/\/sonnenschein-fuer-kinder.com\/wp-content\/uploads\/2021\/02\/Elene-KH-768x955.jpg 768w\" sizes=\"(max-width: 259px) 100vw, 259px\" \/><\/figure><\/div>\n\n\n\n<p>F\u00fcr Elenes ist eine Transplantation von passenden Stammzellen derzeit die einzige Hoffnung die Krankheit besiegen zu k\u00f6nnen. <br>Da die Eltern von Elene diese Operation nicht finanzieren k\u00f6nnen und \u00fcber keine Krankenversicherung verf\u00fcgen, sind derzeit 119000\u20ac f\u00fcr die Behandlung notwendig. <\/p>\n\n\n\n<p>Sonnenschein f\u00fcr Kinder in Georgien e.V. versucht den Verwandten und Freunden von Elene bei der Finanzierung zu helfen und jeder Betrag ist hierbei hilfreich. <\/p>\n\n\n\n<p>Bei Angabe der Adresse k\u00f6nnen nat\u00fcrlich Spendenquittungen ausgestellt werden.<\/p>\n\n\n\n<div class=\"wp-block-image\"><figure class=\"aligncenter size-large is-resized\"><img loading=\"lazy\" src=\"https:\/\/sonnenschein-fuer-kinder.com\/wp-content\/uploads\/2021\/02\/Elene-3.jpg\" alt=\"\" class=\"wp-image-369\" width=\"222\" height=\"295\" srcset=\"https:\/\/sonnenschein-fuer-kinder.com\/wp-content\/uploads\/2021\/02\/Elene-3.jpg 720w, https:\/\/sonnenschein-fuer-kinder.com\/wp-content\/uploads\/2021\/02\/Elene-3-225x300.jpg 225w\" sizes=\"(max-width: 222px) 100vw, 222px\" \/><figcaption><strong>Bitte helfen auch Sie mit Elene zu retten<\/strong>.<\/figcaption><\/figure><\/div>\n\n\n\n<p class=\"has-text-align-center\"><strong>Verein Sonnenschein f\u00fcr Kinder in Georgien e.V.<br>Hamburger Sparkasse<br>Konto: 1265107357<br>BLZ.: 200 505 50<br>IBAN: DE94 2005 0550 1265 1073 57<\/strong><br><br><\/p>\n","protected":false},"excerpt":{"rendered":"<p>Die 10-j\u00e4hrige Elene Mushkudiani aus Georgien leidet an akuter Leuk\u00e4mie. Das M\u00e4dchen aus Georgien erkrankte im Dezember 2019 ersmalig an chronisch-myeloischer Leuk\u00e4mie (CML). Die Familie sammelte Geld und brachte Elene zur Behandlung in die T\u00fcrkei. Mehrere Chemotherapien schienen damals anzuschlagen<\/p>\n","protected":false},"author":1,"featured_media":0,"parent":0,"menu_order":0,"comment_status":"closed","ping_status":"closed","template":"","meta":{"_monsterinsights_skip_tracking":false,"_monsterinsights_sitenote_active":false,"_monsterinsights_sitenote_note":"","_monsterinsights_sitenote_category":0},"_links":{"self":[{"href":"https:\/\/sonnenschein-fuer-kinder.com\/index.php?rest_route=\/wp\/v2\/pages\/360"}],"collection":[{"href":"https:\/\/sonnenschein-fuer-kinder.com\/index.php?rest_route=\/wp\/v2\/pages"}],"about":[{"href":"https:\/\/sonnenschein-fuer-kinder.com\/index.php?rest_route=\/wp\/v2\/types\/page"}],"author":[{"embeddable":true,"href":"https:\/\/sonnenschein-fuer-kinder.com\/index.php?rest_route=\/wp\/v2\/users\/1"}],"replies":[{"embeddable":true,"href":"https:\/\/sonnenschein-fuer-kinder.com\/index.php?rest_route=%2Fwp%2Fv2%2Fcomments&post=360"}],"version-history":[{"count":24,"href":"https:\/\/sonnenschein-fuer-kinder.com\/index.php?rest_route=\/wp\/v2\/pages\/360\/revisions"}],"predecessor-version":[{"id":469,"href":"https:\/\/sonnenschein-fuer-kinder.com\/index.php?rest_route=\/wp\/v2\/pages\/360\/revisions\/469"}],"wp:attachment":[{"href":"https:\/\/sonnenschein-fuer-kinder.com\/index.php?rest_route=%2Fwp%2Fv2%2Fmedia&parent=360"}],"curies":[{"name":"wp","href":"https:\/\/api.w.org\/{rel}","templated":true}]}}