{"id":2,"date":"2016-05-10T03:48:21","date_gmt":"2016-05-10T03:48:21","guid":{"rendered":"http:\/\/wp.sonnenschein-fuer-kinder.com\/?page_id=2"},"modified":"2021-02-24T13:12:48","modified_gmt":"2021-02-24T13:12:48","slug":"sample-page","status":"publish","type":"page","link":"https:\/\/sonnenschein-fuer-kinder.com\/","title":{"rendered":"Der Verein"},"content":{"rendered":"<h4><strong>Sonnenschein f\u00fcr Kinder in Georgien e.V<\/strong><\/h4>\n<p><strong>Sonnenschein f\u00fcr Kinder in Georgien e.V<\/strong> ist ein mildt\u00e4tiger, eingetragener und als steuerbeg\u00fcnstigt anerkannter Verein, dessen Aufgabe es ist, kranken und sozial benachteiligten Kindern aus Georgien beizustehen.<\/p>\n<p><img loading=\"lazy\" class=\" wp-image-131 alignright\" src=\"https:\/\/web.archive.org\/web\/20180808002749im_\/http:\/\/sonnenschein-fuer-kinder.com\/wp-content\/uploads\/2017\/10\/logo_sonnenschein.jpg\" alt=\"\" width=\"164\" height=\"180\" \/>Im Jahr 2005 wurde der Verein auf Initiative von Frau Susanne M\u00fcnch in Hamburg-Blankenese zur Unterst\u00fctzung von Kindern in der ostgeorgischen Region Kachetien gegr\u00fcndet. Es wurden Tageseinrichtungen f\u00fcr Kinder gef\u00f6rdert und kreativ-caritative Ziele verfolgt.<\/p>\n<p>Nach einer Satzungs\u00e4nderung w\u00e4hrend der Mitgliederversammlung im November 2013 zu Gunsten schwerkranker georgischer Kinder, \u00e4nderte Sonnenschein f\u00fcr Kinder in Georgien e.V. sein Profil.<\/p>\n<p>Seitdem erm\u00f6glicht der Verein kranken Kindern, denen in ihrer Heimat Georgien aus hygienischen oder medizinischen Gr\u00fcnden nicht geholfen werden kann, eine Diagnose und gegebenenfalls eine Therapie.<br \/>\nHierf\u00fcr sammelt der ehrenamtlich geleitete Verein Spenden um eine ad\u00e4quate Behandlung zu erm\u00f6glichen.<\/p>\n<p>Mehr erfahren Sie unter <a href=\"https:\/\/sonnenschein-fuer-kinder.com\/?page_id=14\">&#8222;Unsere aktuellen Sorgenkinder&#8220;<\/a>.<\/p>\n","protected":false},"excerpt":{"rendered":"<p>Sonnenschein f\u00fcr Kinder in Georgien e.V Sonnenschein f\u00fcr Kinder in Georgien e.V ist ein mildt\u00e4tiger, eingetragener und als steuerbeg\u00fcnstigt anerkannter Verein, dessen Aufgabe es ist, kranken und sozial benachteiligten Kindern aus Georgien beizustehen. Im Jahr 2005 wurde der Verein auf<\/p>\n","protected":false},"author":1,"featured_media":0,"parent":0,"menu_order":0,"comment_status":"closed","ping_status":"open","template":"","meta":{"_monsterinsights_skip_tracking":false,"_monsterinsights_sitenote_active":false,"_monsterinsights_sitenote_note":"","_monsterinsights_sitenote_category":0},"_links":{"self":[{"href":"https:\/\/sonnenschein-fuer-kinder.com\/index.php?rest_route=\/wp\/v2\/pages\/2"}],"collection":[{"href":"https:\/\/sonnenschein-fuer-kinder.com\/index.php?rest_route=\/wp\/v2\/pages"}],"about":[{"href":"https:\/\/sonnenschein-fuer-kinder.com\/index.php?rest_route=\/wp\/v2\/types\/page"}],"author":[{"embeddable":true,"href":"https:\/\/sonnenschein-fuer-kinder.com\/index.php?rest_route=\/wp\/v2\/users\/1"}],"replies":[{"embeddable":true,"href":"https:\/\/sonnenschein-fuer-kinder.com\/index.php?rest_route=%2Fwp%2Fv2%2Fcomments&post=2"}],"version-history":[{"count":5,"href":"https:\/\/sonnenschein-fuer-kinder.com\/index.php?rest_route=\/wp\/v2\/pages\/2\/revisions"}],"predecessor-version":[{"id":409,"href":"https:\/\/sonnenschein-fuer-kinder.com\/index.php?rest_route=\/wp\/v2\/pages\/2\/revisions\/409"}],"wp:attachment":[{"href":"https:\/\/sonnenschein-fuer-kinder.com\/index.php?rest_route=%2Fwp%2Fv2%2Fmedia&parent=2"}],"curies":[{"name":"wp","href":"https:\/\/api.w.org\/{rel}","templated":true}]}}