{"id":12,"date":"2020-03-30T16:40:00","date_gmt":"2020-03-30T16:40:00","guid":{"rendered":"http:\/\/wp.sonnenschein-fuer-kinder.com\/?page_id=12"},"modified":"2020-03-30T18:19:03","modified_gmt":"2020-03-30T18:19:03","slug":"salome","status":"publish","type":"page","link":"https:\/\/sonnenschein-fuer-kinder.com\/?page_id=12","title":{"rendered":"Salome"},"content":{"rendered":"\n<div class=\"wp-block-image\"><figure class=\"alignright size-large is-resized\"><img loading=\"lazy\" src=\"http:\/\/wp.sonnenschein-fuer-kinder.com\/wp-content\/uploads\/2020\/03\/Salome_2014_7.jpg\" alt=\"\" class=\"wp-image-35\" width=\"322\" height=\"242\" srcset=\"https:\/\/sonnenschein-fuer-kinder.com\/wp-content\/uploads\/2020\/03\/Salome_2014_7.jpg 960w, https:\/\/sonnenschein-fuer-kinder.com\/wp-content\/uploads\/2020\/03\/Salome_2014_7-300x225.jpg 300w, https:\/\/sonnenschein-fuer-kinder.com\/wp-content\/uploads\/2020\/03\/Salome_2014_7-768x576.jpg 768w\" sizes=\"(max-width: 322px) 100vw, 322px\" \/><\/figure><\/div>\n\n\n\n<p><strong>Salome Kipshidze<\/strong>&nbsp;ist&nbsp;inzwischen 12 Jahre alt und stammt aus Agara, einem kleinen Dorf im Norden Georgiens nahe Gori.<\/p>\n\n\n\n<p>Im Januar 2011 fiel die kleine Salome, damals 5-j\u00e4hrig, das einzige Kind der Familie pl\u00f6tzlich in Ohnmacht und spuckte Blut.<br>Daraufhin wurde bei Salome eine lebensbedrohliche Lebererkrankung diagnostiziert (Leberfibrose, Hepatosplenomegalie, Portale Hypertension, \u00d6sophagusvarizen) die in Georgien nicht behandelt werden kann.<\/p>\n\n\n\n<p>Die \u00c4rzte dort konnten der damals erst F\u00fcnfj\u00e4hrigen nicht helfen.<br>Auch die Hygiene in Georgien spielte dabei eine Rolle.<\/p>\n\n\n\n<p>Durch Kontakte, die durch einen Auslandsaufenthalt in Georgien entstanden sind, wurde Salomes Befund so an das Universit\u00e4tsklinikum Heidelberg (Labor Limbach) geschickt.<br>Bald wurde klar, das Salome dringend eine Lebertransplantation ben\u00f6tigte.<br>F\u00fcr eine erneute genauere Diagnose und die lebenswichtige Behandlung musste Salome nun aber nach Deutschland kommen.<\/p>\n\n\n\n<div class=\"wp-block-image\"><figure class=\"alignleft size-large is-resized\"><img loading=\"lazy\" src=\"http:\/\/wp.sonnenschein-fuer-kinder.com\/wp-content\/uploads\/2020\/03\/Salome-und-Familie-1.jpg\" alt=\"\" class=\"wp-image-79\" width=\"201\" height=\"323\" srcset=\"https:\/\/sonnenschein-fuer-kinder.com\/wp-content\/uploads\/2020\/03\/Salome-und-Familie-1.jpg 595w, https:\/\/sonnenschein-fuer-kinder.com\/wp-content\/uploads\/2020\/03\/Salome-und-Familie-1-186x300.jpg 186w\" sizes=\"(max-width: 201px) 100vw, 201px\" \/><\/figure><\/div>\n\n\n\n<p>Nach langer Suche nach einer geeigneten Klinik und vielen Absagen konnte Salome zusammen mit ihrer Mutter Marika am 11. Februar 2013,&nbsp;inzwischen bereits&nbsp;7-j\u00e4hrig, endlich nach Deutschland kommen.<br>Das Klinikum T\u00fcbingen mit einem Team um Dr. Piersma und Dr. Sturm hatte uns als einziges hierbei seine Unterst\u00fctzung zugesagt. Eine Transplantation mit allen n\u00f6tigen Vor- und Nachbehandlungen&nbsp;wurde&nbsp;jedoch auf&nbsp;148900\u20ac veranschlagt.<\/p>\n\n\n\n<p>Ohne diese Hilfe konnten die \u00c4rzte damals nicht sagen, wie viel Zeit Salome noch bleibt. Doch die Transplantation war durch die lange Wartezeit sehr dringlich geworden.<\/p>\n\n\n\n<p>Durch viele Spenden und eine gro\u00dfz\u00fcgige Unterst\u00fctzung eines Unternehmers aus Schw\u00e4bisch Hall \u2013 Gelbingen, der f\u00fcr uns mit einem zinslosen Kredit beim Klinikum T\u00fcbingen mit 150000 \u20ac in Vorkasse ging, wurde es m\u00f6glich, dass Salome nach T\u00fcbingen kommen konnte.<br>Nach den ersten gro\u00dfen Voruntersuchungen im Klinikum, einer erfolgreich verlaufenen Leberbiopsie und weiteren Typisierungen, konnten Salome und ihre Mutter im Haus der Ronald-Mc-Donald-Stiftung T\u00fcbingen untergebracht werden. Auch f\u00fcr die Miet- und Lebensmittelkosten dort&nbsp;waren wir weiterhin dringend auf Spenden angewiesen.<\/p>\n\n\n\n<p>In der Zwischenzeit konnte der Verein \u201eGrenzenlose Freundschaft e.V.\u201c, sowie auch \u201eBild hilft \u2013 Ein Herz f\u00fcr Kinder\u201c f\u00fcr Salome gewonnen werden.<\/p>\n\n\n\n<div class=\"wp-block-image\"><figure class=\"alignright size-large is-resized\"><img loading=\"lazy\" src=\"http:\/\/wp.sonnenschein-fuer-kinder.com\/wp-content\/uploads\/2020\/03\/Salome-und-Lela-1024x768.jpg\" alt=\"\" class=\"wp-image-38\" width=\"287\" height=\"216\" srcset=\"https:\/\/sonnenschein-fuer-kinder.com\/wp-content\/uploads\/2020\/03\/Salome-und-Lela-1024x768.jpg 1024w, https:\/\/sonnenschein-fuer-kinder.com\/wp-content\/uploads\/2020\/03\/Salome-und-Lela-300x225.jpg 300w, https:\/\/sonnenschein-fuer-kinder.com\/wp-content\/uploads\/2020\/03\/Salome-und-Lela-768x576.jpg 768w, https:\/\/sonnenschein-fuer-kinder.com\/wp-content\/uploads\/2020\/03\/Salome-und-Lela-1536x1152.jpg 1536w, https:\/\/sonnenschein-fuer-kinder.com\/wp-content\/uploads\/2020\/03\/Salome-und-Lela.jpg 2048w\" sizes=\"(max-width: 287px) 100vw, 287px\" \/><\/figure><\/div>\n\n\n\n<p><strong>Und das Wunder wurde tats\u00e4chlich wahr.<\/strong><\/p>\n\n\n\n<p>Am Sonntag, 22. September 2013 erhielten wir um 3.15 Uhr am fr\u00fchen Morgen die Nachricht, dass ein passendes Organ f\u00fcr Salome gefunden wurde.<br>So wurde Salome bereits 2 Stunden sp\u00e4ter im Klinikum T\u00fcbingen erfolgreich transplantiert.<\/p>\n\n\n\n<p>Heute geht es Salome sehr gut.<\/p>\n\n\n\n<p>Die \u00c4rzte sind mit dem Heilungsprozess bisher sehr zufrieden. Salome erholt sich seit dem Eingriff pr\u00e4chtig und alle Blutwerte haben sich verbessert. Sie hat eine ganz neue Lebensenergie um in ihr weiteres, hoffentlich langes Leben starten zu k\u00f6nnen.<\/p>\n\n\n\n<p>In den regelm\u00e4\u00dfigen Kontrollen, die in Tiflis durchgef\u00fchrt werden k\u00f6nnen, sind bisher keine Anzeichen einer Absto\u00dfungsreaktion zu sehen. Einmal im Jahr ist Salome zusammen mit Ihrer Mutter f\u00fcr eine Woche zu Besuch in T\u00fcbingen um im Uniklinikum komplett untersucht zu werden. Hierbei wird \u00fcberpr\u00fcft, ob die Dosierung der Medikamente noch passend ist.<\/p>\n\n\n\n<p>Im Herbst 2018 ist eine Biopsie vorgesehen, verbunden mit einem station\u00e4ren Aufenthalt. Sollte diese Untersuchung ebenfalls positive Ergebnisse zeigen, kann Salome in den kommenden Jahren in Georgien behandelt werden.<\/p>\n\n\n\n<p><strong>Um auch weiterhin die lebensnotwendigen Immunsuppressiva \u2013 Medikamente, die eine Absto\u00dfung des Organs verhindern \u2013 f\u00fcr Salome finanzieren zu k\u00f6nnen, sind wir dringend auf Spenden angewiesen.<\/strong><\/p>\n\n\n\n<p>Wenn Sie helfen m\u00f6chten, k\u00f6nnen Sie dies gerne in Form einer Spende tun.<br>Wenn Sie eine Spendenbescheinigung w\u00fcnschen geben Sie bitte Ihren Wohnort mit an.<\/p>\n\n\n\n<p>Wir sind f\u00fcr jede noch so kleine Hilfe sehr dankbar.<\/p>\n\n\n\n<h3>Helfen<\/h3>\n\n\n\n<p>Verein Sonnenschein f\u00fcr Kinder in Georgien e.V.<br>Hamburger Sparkasse<br>Konto: 1265107357<br>BLZ.: 200 505 50<br>IBAN: DE94 2005 0550 1265 1073 57<\/p>\n\n\n\n<p>Stichwort:&nbsp;<strong>Salome<\/strong><\/p>\n\n\n\n<p>Vielen Dank f\u00fcr Ihre Hilfe !<\/p>\n\n\n\n<p>Wenn Sie eine Spendenquittung w\u00fcnschen, geben Sie bitte auf dem \u00dcberweisungstr\u00e4ger Ihren Wohnort und Ihre Adresse an.<\/p>\n","protected":false},"excerpt":{"rendered":"<p>Salome Kipshidze&nbsp;ist&nbsp;inzwischen 12 Jahre alt und stammt aus Agara, einem kleinen Dorf im Norden Georgiens nahe Gori. Im Januar 2011 fiel die kleine Salome, damals 5-j\u00e4hrig, das einzige Kind der Familie pl\u00f6tzlich in Ohnmacht und spuckte Blut.Daraufhin wurde bei Salome<\/p>\n","protected":false},"author":1,"featured_media":0,"parent":0,"menu_order":0,"comment_status":"closed","ping_status":"closed","template":"","meta":{"_monsterinsights_skip_tracking":false,"_monsterinsights_sitenote_active":false,"_monsterinsights_sitenote_note":"","_monsterinsights_sitenote_category":0},"_links":{"self":[{"href":"https:\/\/sonnenschein-fuer-kinder.com\/index.php?rest_route=\/wp\/v2\/pages\/12"}],"collection":[{"href":"https:\/\/sonnenschein-fuer-kinder.com\/index.php?rest_route=\/wp\/v2\/pages"}],"about":[{"href":"https:\/\/sonnenschein-fuer-kinder.com\/index.php?rest_route=\/wp\/v2\/types\/page"}],"author":[{"embeddable":true,"href":"https:\/\/sonnenschein-fuer-kinder.com\/index.php?rest_route=\/wp\/v2\/users\/1"}],"replies":[{"embeddable":true,"href":"https:\/\/sonnenschein-fuer-kinder.com\/index.php?rest_route=%2Fwp%2Fv2%2Fcomments&post=12"}],"version-history":[{"count":3,"href":"https:\/\/sonnenschein-fuer-kinder.com\/index.php?rest_route=\/wp\/v2\/pages\/12\/revisions"}],"predecessor-version":[{"id":143,"href":"https:\/\/sonnenschein-fuer-kinder.com\/index.php?rest_route=\/wp\/v2\/pages\/12\/revisions\/143"}],"wp:attachment":[{"href":"https:\/\/sonnenschein-fuer-kinder.com\/index.php?rest_route=%2Fwp%2Fv2%2Fmedia&parent=12"}],"curies":[{"name":"wp","href":"https:\/\/api.w.org\/{rel}","templated":true}]}}